{"id":356,"date":"2017-12-31T17:08:58","date_gmt":"2017-12-31T17:08:58","guid":{"rendered":"http:\/\/www.vhsprojekt.cz\/index.php\/fotogalerie-12\/"},"modified":"2017-12-31T17:27:46","modified_gmt":"2017-12-31T17:27:46","slug":"fotogalerie-12","status":"publish","type":"page","link":"https:\/\/www.vhsprojekt.cz\/index.php\/fotogalerie-12\/","title":{"rendered":"Fotogalerie_Bezpe\u010dnostn\u00ed_p\u0159elivy_Zem\u011bchy"},"content":{"rendered":"<p>YToyOntpOjA7YTozOntzOjU6ImNsYXNzIjtzOjA6IiI7czo1OiJzdHlsZSI7YToxNzp7czoxNjoiYmFja2dyb3VuZF9jb2xvciI7YTozOntzOjY6ImNvbG9yMSI7czo3OiIjMDA5ZmRmIjtzOjY6ImNvbG9yMiI7czowOiIiO3M6MTI6InRyYW5zcGFyZW5jeSI7czozOiIxMDAiO31zOjE2OiJiYWNrZ3JvdW5kX2ltYWdlIjthOjc6e3M6MTM6Im92ZXJsYXlfY29sb3IiO3M6NzoiIzE1OGViZiI7czoyMDoib3ZlcmxheV90cmFuc3BhcmVuY3kiO3M6MjoiODAiO3M6ODoicG9zaXRpb24iO3M6MTM6ImNlbnRlciBjZW50ZXIiO3M6NjoicmVwZWF0IjtzOjk6Im5vLXJlcGVhdCI7czo1OiJpbWFnZSI7czo0MDoiL3dwLWNvbnRlbnQvdXBsb2Fkcy8yMDE3LzA4L3BvemFkaV8yLnBuZyI7czo3OiJpbWFnZWlkIjtzOjA6IiI7czo3OiJwYXR0ZXJuIjtzOjA6IiI7fXM6NDoiZm9udCI7YTo0OntzOjk6ImZvbnQtc2l6ZSI7czowOiIiO3M6MTE6ImZvbnQtZmFtaWx5IjtzOjA6IiI7czo2OiJ3ZWlnaHQiO3M6MDoiIjtzOjU6ImNvbG9yIjtzOjc6IiNmZmZmZmYiO31zOjEwOiJsaW5rX2NvbG9yIjtzOjc6IiNmZmZmZmYiO3M6NDoidHlwZSI7czo1OiJiYXNpYyI7czoxMToicGFkZGluZ190b3AiO3M6MjoiNDAiO3M6MTQ6InBhZGRpbmdfYm90dG9tIjtzOjI6IjMwIjtzOjEyOiJwYWRkaW5nX2xlZnQiO2E6Mjp7czo0OiJzaXplIjtzOjA6IiI7czo0OiJ1bml0IjtzOjI6InB4Ijt9czoxMzoicGFkZGluZ19yaWdodCI7YToyOntzOjQ6InNpemUiO3M6MDoiIjtzOjQ6InVuaXQiO3M6MjoicHgiO31zOjg6Im1hcmdpbl90IjthOjE6e3M6NDoic2l6ZSI7czowOiIiO31zOjg6Im1hcmdpbl9iIjthOjE6e3M6NDoic2l6ZSI7czowOiIiO31zOjEwOiJib3JkZXItdG9wIjthOjM6e3M6NDoic2l6ZSI7czoxOiIwIjtzOjU6InN0eWxlIjtzOjU6InNvbGlkIjtzOjU6ImNvbG9yIjtzOjc6IiMwMDlmZGYiO31zOjEzOiJib3JkZXItYm90dG9tIjthOjM6e3M6NDoic2l6ZSI7czoxOiIwIjtzOjU6InN0eWxlIjtzOjU6InNvbGlkIjtzOjU6ImNvbG9yIjtzOjA6IiI7fXM6MTA6Im1pbi1oZWlnaHQiO3M6MDoiIjtzOjE0OiJoZWlnaHRfc2V0dGluZyI7YToxOntzOjg6ImlzX3NhdmVkIjtzOjE6IjEiO31zOjk6ImNzc19jbGFzcyI7czowOiIiO3M6NToiZGVsYXkiO3M6MDoiIjt9czo3OiJjb250ZW50IjthOjE6e2k6MDthOjM6e3M6NDoidHlwZSI7czo3OiJjb2wtb25lIjtzOjU6ImNsYXNzIjtzOjA6IiI7czo3OiJjb250ZW50IjthOjI6e2k6MDthOjQ6e3M6NDoidHlwZSI7czo1OiJ0aXRsZSI7czo3OiJjb250ZW50IjtzOjUwOiI8aDEgc3R5bGU9XCJ0ZXh0LWFsaWduOiBjZW50ZXI7XCI+Rm90b2dhbGVyaWU8L2gxPiI7czo1OiJzdHlsZSI7YTo1OntzOjQ6ImZvbnQiO2E6Njp7czo5OiJmb250LXNpemUiO3M6MjoiNTAiO3M6MTE6ImZvbnQtZmFtaWx5IjtzOjA6IiI7czo2OiJ3ZWlnaHQiO3M6MDoiIjtzOjExOiJsaW5lLWhlaWdodCI7czozOiIxLjIiO3M6NToiY29sb3IiO3M6NzoiIzAwMmY2YyI7czoxMToidGV4dC1zaGFkb3ciO3M6NDoibm9uZSI7fXM6NToic3R5bGUiO3M6MToiMSI7czo2OiJib3JkZXIiO2E6Mjp7czo0OiJzaXplIjtzOjE6IjEiO3M6NToiY29sb3IiO3M6NzoiI2Q1ZDVkNSI7fXM6MTY6ImJhY2tncm91bmQtY29sb3IiO2E6Mzp7czo2OiJjb2xvcjEiO3M6NzoiI2VmZWZlZiI7czo2OiJjb2xvcjIiO3M6MDoiIjtzOjEyOiJ0cmFuc3BhcmVuY3kiO3M6MzoiMTAwIjt9czo1OiJhbGlnbiI7czo2OiJjZW50ZXIiO31zOjY6ImNvbmZpZyI7YTo3OntzOjk6Im1heF93aWR0aCI7czowOiIiO3M6MTA6Im1hcmdpbl90b3AiO3M6MToiMCI7czoxMzoibWFyZ2luX2JvdHRvbSI7czoxOiI1IjtzOjU6ImRlbGF5IjtzOjA6IiI7czo3OiJhbmltYXRlIjtzOjA6IiI7czoyOiJpZCI7czowOiIiO3M6NToiY2xhc3MiO3M6MDoiIjt9fWk6MTthOjM6e3M6NDoidHlwZSI7czo0OiJ0ZXh0IjtzOjc6ImNvbnRlbnQiO3M6OTI6IjxwIHN0eWxlPVwidGV4dC1hbGlnbjogY2VudGVyO1wiPkJlenBlxI1ub3N0bsOtIHDFmWVsaXZ5IC0gWmVtxJtjaHkgdSBLcmFsdXAgbmFkIFZsdGF2b3U8L3A+IjtzOjU6InN0eWxlIjthOjQ6e3M6NDoiZm9udCI7YTo1OntzOjk6ImZvbnQtc2l6ZSI7czowOiIiO3M6MTE6ImZvbnQtZmFtaWx5IjtzOjA6IiI7czo2OiJ3ZWlnaHQiO3M6MDoiIjtzOjExOiJsaW5lLWhlaWdodCI7czowOiIiO3M6NToiY29sb3IiO3M6NzoiIzAwMmY2YyI7fXM6MjoibGkiO3M6MDoiIjtzOjU6InN0eWxlIjtzOjE6IjEiO3M6MTg6InAtYmFja2dyb3VuZC1jb2xvciI7YTozOntzOjY6ImNvbG9yMSI7czo3OiIjZThlOGU4IjtzOjY6ImNvbG9yMiI7czowOiIiO3M6MTI6InRyYW5zcGFyZW5jeSI7czozOiIxMDAiO319fX19fX1pOjE7YTozOntzOjU6ImNsYXNzIjtzOjA6IiI7czo1OiJzdHlsZSI7YTozOntzOjE2OiJiYWNrZ3JvdW5kX2NvbG9yIjthOjM6e3M6NjoiY29sb3IxIjtzOjQ6IiNmZmYiO3M6NjoiY29sb3IyIjtzOjA6IiI7czoxMjoidHJhbnNwYXJlbmN5IjtzOjM6IjEwMCI7fXM6MTA6ImxpbmtfY29sb3IiO3M6MDoiIjtzOjQ6ImZvbnQiO2E6NDp7czo5OiJmb250LXNpemUiO3M6MDoiIjtzOjExOiJmb250LWZhbWlseSI7czowOiIiO3M6Njoid2VpZ2h0IjtzOjA6IiI7czo1OiJjb2xvciI7czowOiIiO319czo3OiJjb250ZW50IjthOjE6e2k6MDthOjM6e3M6NDoidHlwZSI7czo3OiJjb2wtb25lIjtzOjU6ImNsYXNzIjtzOjA6IiI7czo3OiJjb250ZW50IjthOjE6e2k6MDthOjQ6e3M6NDoidHlwZSI7czoxMzoiaW1hZ2VfZ2FsbGVyeSI7czo3OiJjb250ZW50IjtzOjA6IiI7czo1OiJzdHlsZSI7YTo5OntzOjE5OiJpbWFnZV9nYWxsZXJ5X2l0ZW1zIjthOjIxOntpOjA7czozOiIzNzAiO2k6MTtzOjM6IjM3NSI7aToyO3M6MzoiMzcxIjtpOjM7czozOiIzNzYiO2k6NDtzOjM6IjM3NyI7aTo1O3M6MzoiMzcyIjtpOjY7czozOiIzNzMiO2k6NztzOjM6IjM3NCI7aTo4O3M6MzoiMzU3IjtpOjk7czozOiIzNTgiO2k6MTA7czozOiIzNTkiO2k6MTE7czozOiIzNjAiO2k6MTI7czozOiIzNjEiO2k6MTM7czozOiIzNjIiO2k6MTQ7czozOiIzNjMiO2k6MTU7czozOiIzNjQiO2k6MTY7czozOiIzNjUiO2k6MTc7czozOiIzNjYiO2k6MTg7czozOiIzNjciO2k6MTk7czozOiIzNjgiO2k6MjA7czozOiIzNjkiO31zOjQ6ImNvbHMiO3M6MToiMyI7czoxMzoiZ2FsbGVyeV9zdHlsZSI7czoxMToibm9fY2FwdGlvbnMiO3M6MTA6InRodW1iX25hbWUiO3M6MTI6Im1pb19jb2x1bW5zXyI7czo0OiJmb250IjthOjQ6e3M6OToiZm9udC1zaXplIjtzOjI6IjE2IjtzOjExOiJmb250LWZhbWlseSI7czowOiIiO3M6NToiYWxpZ24iO3M6NjoiY2VudGVyIjtzOjU6ImNvbG9yIjtzOjA6IiI7fXM6OToiYW5pbWF0aW9uIjtzOjQ6ImZhZGUiO3M6NToiZGVsYXkiO3M6NDoiMzUwMCI7czo1OiJzcGVlZCI7czo0OiIxMDAwIjtzOjEyOiJjb2xvcl9zY2hlbWUiO3M6MDoiIjt9czo2OiJjb25maWciO2E6Nzp7czo5OiJtYXhfd2lkdGgiO3M6MjoiMjAiO3M6MTA6Im1hcmdpbl90b3AiO3M6MToiMCI7czoxMzoibWFyZ2luX2JvdHRvbSI7czoyOiIyMCI7czo1OiJkZWxheSI7czowOiIiO3M6NzoiYW5pbWF0ZSI7czowOiIiO3M6MjoiaWQiO3M6MDoiIjtzOjU6ImNsYXNzIjtzOjA6IiI7fX19fX19fQ==<\/p>\n","protected":false},"excerpt":{"rendered":"<p>YToyOntpOjA7YTozOntzOjU6ImNsYXNzIjtzOjA6IiI7czo1OiJzdHlsZSI7YToxNzp7czoxNjoiYmFja2dyb3VuZF9jb2xvciI7YTozOntzOjY6ImNvbG9yMSI7czo3OiIjMDA5ZmRmIjtzOjY6ImNvbG9yMiI7czowOiIiO3M6MTI6InRyYW5zcGFyZW5jeSI7czozOiIxMDAiO31zOjE2OiJiYWNrZ3JvdW5kX2ltYWdlIjthOjc6e3M6MTM6Im92ZXJsYXlfY29sb3IiO3M6NzoiIzE1OGViZiI7czoyMDoib3ZlcmxheV90cmFuc3BhcmVuY3kiO3M6MjoiODAiO3M6ODoicG9zaXRpb24iO3M6MTM6ImNlbnRlciBjZW50ZXIiO3M6NjoicmVwZWF0IjtzOjk6Im5vLXJlcGVhdCI7czo1OiJpbWFnZSI7czo0MDoiL3dwLWNvbnRlbnQvdXBsb2Fkcy8yMDE3LzA4L3BvemFkaV8yLnBuZyI7czo3OiJpbWFnZWlkIjtzOjA6IiI7czo3OiJwYXR0ZXJuIjtzOjA6IiI7fXM6NDoiZm9udCI7YTo0OntzOjk6ImZvbnQtc2l6ZSI7czowOiIiO3M6MTE6ImZvbnQtZmFtaWx5IjtzOjA6IiI7czo2OiJ3ZWlnaHQiO3M6MDoiIjtzOjU6ImNvbG9yIjtzOjc6IiNmZmZmZmYiO31zOjEwOiJsaW5rX2NvbG9yIjtzOjc6IiNmZmZmZmYiO3M6NDoidHlwZSI7czo1OiJiYXNpYyI7czoxMToicGFkZGluZ190b3AiO3M6MjoiNDAiO3M6MTQ6InBhZGRpbmdfYm90dG9tIjtzOjI6IjMwIjtzOjEyOiJwYWRkaW5nX2xlZnQiO2E6Mjp7czo0OiJzaXplIjtzOjA6IiI7czo0OiJ1bml0IjtzOjI6InB4Ijt9czoxMzoicGFkZGluZ19yaWdodCI7YToyOntzOjQ6InNpemUiO3M6MDoiIjtzOjQ6InVuaXQiO3M6MjoicHgiO31zOjg6Im1hcmdpbl90IjthOjE6e3M6NDoic2l6ZSI7czowOiIiO31zOjg6Im1hcmdpbl9iIjthOjE6e3M6NDoic2l6ZSI7czowOiIiO31zOjEwOiJib3JkZXItdG9wIjthOjM6e3M6NDoic2l6ZSI7czoxOiIwIjtzOjU6InN0eWxlIjtzOjU6InNvbGlkIjtzOjU6ImNvbG9yIjtzOjc6IiMwMDlmZGYiO31zOjEzOiJib3JkZXItYm90dG9tIjthOjM6e3M6NDoic2l6ZSI7czoxOiIwIjtzOjU6InN0eWxlIjtzOjU6InNvbGlkIjtzOjU6ImNvbG9yIjtzOjA6IiI7fXM6MTA6Im1pbi1oZWlnaHQiO3M6MDoiIjtzOjE0OiJoZWlnaHRfc2V0dGluZyI7YToxOntzOjg6ImlzX3NhdmVkIjtzOjE6IjEiO31zOjk6ImNzc19jbGFzcyI7czowOiIiO3M6NToiZGVsYXkiO3M6MDoiIjt9czo3OiJjb250ZW50IjthOjE6e2k6MDthOjM6e3M6NDoidHlwZSI7czo3OiJjb2wtb25lIjtzOjU6ImNsYXNzIjtzOjA6IiI7czo3OiJjb250ZW50IjthOjI6e2k6MDthOjQ6e3M6NDoidHlwZSI7czo1OiJ0aXRsZSI7czo3OiJjb250ZW50IjtzOjUwOiI8aDEgc3R5bGU9XCJ0ZXh0LWFsaWduOiBjZW50ZXI7XCI+Rm90b2dhbGVyaWU8L2gxPiI7czo1OiJzdHlsZSI7YTo1OntzOjQ6ImZvbnQiO2E6Njp7czo5OiJmb250LXNpemUiO3M6MjoiNTAiO3M6MTE6ImZvbnQtZmFtaWx5IjtzOjA6IiI7czo2OiJ3ZWlnaHQiO3M6MDoiIjtzOjExOiJsaW5lLWhlaWdodCI7czozOiIxLjIiO3M6NToiY29sb3IiO3M6NzoiIzAwMmY2YyI7czoxMToidGV4dC1zaGFkb3ciO3M6NDoibm9uZSI7fXM6NToic3R5bGUiO3M6MToiMSI7czo2OiJib3JkZXIiO2E6Mjp7czo0OiJzaXplIjtzOjE6IjEiO3M6NToiY29sb3IiO3M6NzoiI2Q1ZDVkNSI7fXM6MTY6ImJhY2tncm91bmQtY29sb3IiO2E6Mzp7czo2OiJjb2xvcjEiO3M6NzoiI2VmZWZlZiI7czo2OiJjb2xvcjIiO3M6MDoiIjtzOjEyOiJ0cmFuc3BhcmVuY3kiO3M6MzoiMTAwIjt9czo1OiJhbGlnbiI7czo2OiJjZW50ZXIiO31zOjY6ImNvbmZpZyI7YTo3OntzOjk6Im1heF93aWR0aCI7czowOiIiO3M6MTA6Im1hcmdpbl90b3AiO3M6MToiMCI7czoxMzoibWFyZ2luX2JvdHRvbSI7czoxOiI1IjtzOjU6ImRlbGF5IjtzOjA6IiI7czo3OiJhbmltYXRlIjtzOjA6IiI7czoyOiJpZCI7czowOiIiO3M6NToiY2xhc3MiO3M6MDoiIjt9fWk6MTthOjM6e3M6NDoidHlwZSI7czo0OiJ0ZXh0IjtzOjc6ImNvbnRlbnQiO3M6OTI6IjxwIHN0eWxlPVwidGV4dC1hbGlnbjogY2VudGVyO1wiPkJlenBlxI1ub3N0bsOtIHDFmWVsaXZ5IC0gWmVtxJtjaHkgdSBLcmFsdXAgbmFkIFZsdGF2b3U8L3A+IjtzOjU6InN0eWxlIjthOjQ6e3M6NDoiZm9udCI7YTo1OntzOjk6ImZvbnQtc2l6ZSI7czowOiIiO3M6MTE6ImZvbnQtZmFtaWx5IjtzOjA6IiI7czo2OiJ3ZWlnaHQiO3M6MDoiIjtzOjExOiJsaW5lLWhlaWdodCI7czowOiIiO3M6NToiY29sb3IiO3M6NzoiIzAwMmY2YyI7fXM6MjoibGkiO3M6MDoiIjtzOjU6InN0eWxlIjtzOjE6IjEiO3M6MTg6InAtYmFja2dyb3VuZC1jb2xvciI7YTozOntzOjY6ImNvbG9yMSI7czo3OiIjZThlOGU4IjtzOjY6ImNvbG9yMiI7czowOiIiO3M6MTI6InRyYW5zcGFyZW5jeSI7czozOiIxMDAiO319fX19fX1pOjE7YTozOntzOjU6ImNsYXNzIjtzOjA6IiI7czo1OiJzdHlsZSI7YTozOntzOjE2OiJiYWNrZ3JvdW5kX2NvbG9yIjthOjM6e3M6NjoiY29sb3IxIjtzOjQ6IiNmZmYiO3M6NjoiY29sb3IyIjtzOjA6IiI7czoxMjoidHJhbnNwYXJlbmN5IjtzOjM6IjEwMCI7fXM6MTA6ImxpbmtfY29sb3IiO3M6MDoiIjtzOjQ6ImZvbnQiO2E6NDp7czo5OiJmb250LXNpemUiO3M6MDoiIjtzOjExOiJmb250LWZhbWlseSI7czowOiIiO3M6Njoid2VpZ2h0IjtzOjA6IiI7czo1OiJjb2xvciI7czowOiIiO319czo3OiJjb250ZW50IjthOjE6e2k6MDthOjM6e3M6NDoidHlwZSI7czo3OiJjb2wtb25lIjtzOjU6ImNsYXNzIjtzOjA6IiI7czo3OiJjb250ZW50IjthOjE6e2k6MDthOjQ6e3M6NDoidHlwZSI7czoxMzoiaW1hZ2VfZ2FsbGVyeSI7czo3OiJjb250ZW50IjtzOjA6IiI7czo1OiJzdHlsZSI7YTo5OntzOjE5OiJpbWFnZV9nYWxsZXJ5X2l0ZW1zIjthOjIxOntpOjA7czozOiIzNzAiO2k6MTtzOjM6IjM3NSI7aToyO3M6MzoiMzcxIjtpOjM7czozOiIzNzYiO2k6NDtzOjM6IjM3NyI7aTo1O3M6MzoiMzcyIjtpOjY7czozOiIzNzMiO2k6NztzOjM6IjM3NCI7aTo4O3M6MzoiMzU3IjtpOjk7czozOiIzNTgiO2k6MTA7czozOiIzNTkiO2k6MTE7czozOiIzNjAiO2k6MTI7czozOiIzNjEiO2k6MTM7czozOiIzNjIiO2k6MTQ7czozOiIzNjMiO2k6MTU7czozOiIzNjQiO2k6MTY7czozOiIzNjUiO2k6MTc7czozOiIzNjYiO2k6MTg7czozOiIzNjciO2k6MTk7czozOiIzNjgiO2k6MjA7czozOiIzNjkiO31zOjQ6ImNvbHMiO3M6MToiMyI7czoxMzoiZ2FsbGVyeV9zdHlsZSI7czoxMToibm9fY2FwdGlvbnMiO3M6MTA6InRodW1iX25hbWUiO3M6MTI6Im1pb19jb2x1bW5zXyI7czo0OiJmb250IjthOjQ6e3M6OToiZm9udC1zaXplIjtzOjI6IjE2IjtzOjExOiJmb250LWZhbWlseSI7czowOiIiO3M6NToiYWxpZ24iO3M6NjoiY2VudGVyIjtzOjU6ImNvbG9yIjtzOjA6IiI7fXM6OToiYW5pbWF0aW9uIjtzOjQ6ImZhZGUiO3M6NToiZGVsYXkiO3M6NDoiMzUwMCI7czo1OiJzcGVlZCI7czo0OiIxMDAwIjtzOjEyOiJjb2xvcl9zY2hlbWUiO3M6MDoiIjt9czo2OiJjb25maWciO2E6Nzp7czo5OiJtYXhfd2lkdGgiO3M6MjoiMjAiO3M6MTA6Im1hcmdpbl90b3AiO3M6MToiMCI7czoxMzoibWFyZ2luX2JvdHRvbSI7czoyOiIyMCI7czo1OiJkZWxheSI7czowOiIiO3M6NzoiYW5pbWF0ZSI7czowOiIiO3M6MjoiaWQiO3M6MDoiIjtzOjU6ImNsYXNzIjtzOjA6IiI7fX19fX19fQ==<\/p>\n","protected":false},"author":1,"featured_media":0,"parent":0,"menu_order":0,"comment_status":"open","ping_status":"closed","template":"","meta":{"footnotes":""},"class_list":["post-356","page","type-page","status-publish","hentry"],"_links":{"self":[{"href":"https:\/\/www.vhsprojekt.cz\/index.php\/wp-json\/wp\/v2\/pages\/356","targetHints":{"allow":["GET"]}}],"collection":[{"href":"https:\/\/www.vhsprojekt.cz\/index.php\/wp-json\/wp\/v2\/pages"}],"about":[{"href":"https:\/\/www.vhsprojekt.cz\/index.php\/wp-json\/wp\/v2\/types\/page"}],"author":[{"embeddable":true,"href":"https:\/\/www.vhsprojekt.cz\/index.php\/wp-json\/wp\/v2\/users\/1"}],"replies":[{"embeddable":true,"href":"https:\/\/www.vhsprojekt.cz\/index.php\/wp-json\/wp\/v2\/comments?post=356"}],"version-history":[{"count":1,"href":"https:\/\/www.vhsprojekt.cz\/index.php\/wp-json\/wp\/v2\/pages\/356\/revisions"}],"predecessor-version":[{"id":378,"href":"https:\/\/www.vhsprojekt.cz\/index.php\/wp-json\/wp\/v2\/pages\/356\/revisions\/378"}],"wp:attachment":[{"href":"https:\/\/www.vhsprojekt.cz\/index.php\/wp-json\/wp\/v2\/media?parent=356"}],"curies":[{"name":"wp","href":"https:\/\/api.w.org\/{rel}","templated":true}]}}